{"id":8186,"date":"2020-05-20T22:01:32","date_gmt":"2020-05-20T20:01:32","guid":{"rendered":"https:\/\/rutkowskidevelopment.pl\/sobola-biel\/"},"modified":"2023-03-01T10:29:51","modified_gmt":"2023-03-01T09:29:51","slug":"sobola-biel","status":"publish","type":"page","link":"https:\/\/rutkowskidevelopment.pl\/lt\/pasiulymas\/sobola-biel\/","title":{"rendered":"Sobola Biel"},"content":{"rendered":"","protected":false},"excerpt":{"rendered":"","protected":false},"author":8,"featured_media":0,"parent":8234,"menu_order":0,"comment_status":"closed","ping_status":"closed","template":"template-parts\/podstrona-inwestycji.php","meta":{"footnotes":""},"class_list":["post-8186","page","type-page","status-publish","hentry"],"acf":[],"yoast_head":"<!-- This site is optimized with the Yoast SEO plugin v26.9 - https:\/\/yoast.com\/product\/yoast-seo-wordpress\/ -->\n<title>Sobola Biel \u2013 Rutkowski Development apartamentai<\/title>\n<meta name=\"description\" content=\"Sobola Biel \u2013 tai ateities kvartalas Suvalk\u0173 pietin\u0117je dalyje su beveik 2 ha ploto priva\u010diu parku. Susipa\u017einkite su m\u016bs\u0173 pasi\u016blymu!\" \/>\n<meta name=\"robots\" content=\"index, follow, max-snippet:-1, max-image-preview:large, max-video-preview:-1\" \/>\n<link rel=\"canonical\" href=\"https:\/\/rutkowskidevelopment.pl\/lt\/pasiulymas\/sobola-biel\/\" \/>\n<meta property=\"og:locale\" content=\"lt_LT\" \/>\n<meta property=\"og:type\" content=\"article\" \/>\n<meta property=\"og:title\" content=\"Sobola Biel \u2013 Rutkowski Development apartamentai\" \/>\n<meta property=\"og:description\" content=\"Sobola Biel \u2013 tai ateities kvartalas Suvalk\u0173 pietin\u0117je dalyje su beveik 2 ha ploto priva\u010diu parku. Susipa\u017einkite su m\u016bs\u0173 pasi\u016blymu!\" \/>\n<meta property=\"og:url\" content=\"https:\/\/rutkowskidevelopment.pl\/lt\/pasiulymas\/sobola-biel\/\" \/>\n<meta property=\"og:site_name\" content=\"Rutkowski Development\" \/>\n<meta property=\"article:modified_time\" content=\"2023-03-01T09:29:51+00:00\" \/>\n<meta name=\"twitter:card\" content=\"summary_large_image\" \/>\n<script type=\"application\/ld+json\" class=\"yoast-schema-graph\">{\"@context\":\"https:\/\/schema.org\",\"@graph\":[{\"@type\":\"WebPage\",\"@id\":\"https:\/\/rutkowskidevelopment.pl\/lt\/pasiulymas\/sobola-biel\/\",\"url\":\"https:\/\/rutkowskidevelopment.pl\/lt\/pasiulymas\/sobola-biel\/\",\"name\":\"Sobola Biel \u2013 Rutkowski Development apartamentai\",\"isPartOf\":{\"@id\":\"https:\/\/rutkowskidevelopment.pl\/#website\"},\"datePublished\":\"2020-05-20T20:01:32+00:00\",\"dateModified\":\"2023-03-01T09:29:51+00:00\",\"description\":\"Sobola Biel \u2013 tai ateities kvartalas Suvalk\u0173 pietin\u0117je dalyje su beveik 2 ha ploto priva\u010diu parku. Susipa\u017einkite su m\u016bs\u0173 pasi\u016blymu!\",\"breadcrumb\":{\"@id\":\"https:\/\/rutkowskidevelopment.pl\/lt\/pasiulymas\/sobola-biel\/#breadcrumb\"},\"inLanguage\":\"lt-LT\",\"potentialAction\":[{\"@type\":\"ReadAction\",\"target\":[\"https:\/\/rutkowskidevelopment.pl\/lt\/pasiulymas\/sobola-biel\/\"]}]},{\"@type\":\"BreadcrumbList\",\"@id\":\"https:\/\/rutkowskidevelopment.pl\/lt\/pasiulymas\/sobola-biel\/#breadcrumb\",\"itemListElement\":[{\"@type\":\"ListItem\",\"position\":1,\"name\":\"Rutkowski Development\",\"item\":\"https:\/\/rutkowskidevelopment.pl\/lt\/strona-glowna\/\"},{\"@type\":\"ListItem\",\"position\":2,\"name\":\"Pasi\u016blymas\",\"item\":\"https:\/\/rutkowskidevelopment.pl\/lt\/pasiulymas\/\"},{\"@type\":\"ListItem\",\"position\":3,\"name\":\"Sobola Biel\"}]},{\"@type\":\"WebSite\",\"@id\":\"https:\/\/rutkowskidevelopment.pl\/#website\",\"url\":\"https:\/\/rutkowskidevelopment.pl\/\",\"name\":\"Rutkowski Development\",\"description\":\"Mieszkania | Apertamenty\",\"potentialAction\":[{\"@type\":\"SearchAction\",\"target\":{\"@type\":\"EntryPoint\",\"urlTemplate\":\"https:\/\/rutkowskidevelopment.pl\/?s={search_term_string}\"},\"query-input\":{\"@type\":\"PropertyValueSpecification\",\"valueRequired\":true,\"valueName\":\"search_term_string\"}}],\"inLanguage\":\"lt-LT\"}]}<\/script>\n<!-- \/ Yoast SEO plugin. -->","yoast_head_json":{"title":"Sobola Biel \u2013 Rutkowski Development apartamentai","description":"Sobola Biel \u2013 tai ateities kvartalas Suvalk\u0173 pietin\u0117je dalyje su beveik 2 ha ploto priva\u010diu parku. Susipa\u017einkite su m\u016bs\u0173 pasi\u016blymu!","robots":{"index":"index","follow":"follow","max-snippet":"max-snippet:-1","max-image-preview":"max-image-preview:large","max-video-preview":"max-video-preview:-1"},"canonical":"https:\/\/rutkowskidevelopment.pl\/lt\/pasiulymas\/sobola-biel\/","og_locale":"lt_LT","og_type":"article","og_title":"Sobola Biel \u2013 Rutkowski Development apartamentai","og_description":"Sobola Biel \u2013 tai ateities kvartalas Suvalk\u0173 pietin\u0117je dalyje su beveik 2 ha ploto priva\u010diu parku. Susipa\u017einkite su m\u016bs\u0173 pasi\u016blymu!","og_url":"https:\/\/rutkowskidevelopment.pl\/lt\/pasiulymas\/sobola-biel\/","og_site_name":"Rutkowski Development","article_modified_time":"2023-03-01T09:29:51+00:00","twitter_card":"summary_large_image","schema":{"@context":"https:\/\/schema.org","@graph":[{"@type":"WebPage","@id":"https:\/\/rutkowskidevelopment.pl\/lt\/pasiulymas\/sobola-biel\/","url":"https:\/\/rutkowskidevelopment.pl\/lt\/pasiulymas\/sobola-biel\/","name":"Sobola Biel \u2013 Rutkowski Development apartamentai","isPartOf":{"@id":"https:\/\/rutkowskidevelopment.pl\/#website"},"datePublished":"2020-05-20T20:01:32+00:00","dateModified":"2023-03-01T09:29:51+00:00","description":"Sobola Biel \u2013 tai ateities kvartalas Suvalk\u0173 pietin\u0117je dalyje su beveik 2 ha ploto priva\u010diu parku. Susipa\u017einkite su m\u016bs\u0173 pasi\u016blymu!","breadcrumb":{"@id":"https:\/\/rutkowskidevelopment.pl\/lt\/pasiulymas\/sobola-biel\/#breadcrumb"},"inLanguage":"lt-LT","potentialAction":[{"@type":"ReadAction","target":["https:\/\/rutkowskidevelopment.pl\/lt\/pasiulymas\/sobola-biel\/"]}]},{"@type":"BreadcrumbList","@id":"https:\/\/rutkowskidevelopment.pl\/lt\/pasiulymas\/sobola-biel\/#breadcrumb","itemListElement":[{"@type":"ListItem","position":1,"name":"Rutkowski Development","item":"https:\/\/rutkowskidevelopment.pl\/lt\/strona-glowna\/"},{"@type":"ListItem","position":2,"name":"Pasi\u016blymas","item":"https:\/\/rutkowskidevelopment.pl\/lt\/pasiulymas\/"},{"@type":"ListItem","position":3,"name":"Sobola Biel"}]},{"@type":"WebSite","@id":"https:\/\/rutkowskidevelopment.pl\/#website","url":"https:\/\/rutkowskidevelopment.pl\/","name":"Rutkowski Development","description":"Mieszkania | Apertamenty","potentialAction":[{"@type":"SearchAction","target":{"@type":"EntryPoint","urlTemplate":"https:\/\/rutkowskidevelopment.pl\/?s={search_term_string}"},"query-input":{"@type":"PropertyValueSpecification","valueRequired":true,"valueName":"search_term_string"}}],"inLanguage":"lt-LT"}]}},"_links":{"self":[{"href":"https:\/\/rutkowskidevelopment.pl\/lt\/wp-json\/wp\/v2\/pages\/8186","targetHints":{"allow":["GET"]}}],"collection":[{"href":"https:\/\/rutkowskidevelopment.pl\/lt\/wp-json\/wp\/v2\/pages"}],"about":[{"href":"https:\/\/rutkowskidevelopment.pl\/lt\/wp-json\/wp\/v2\/types\/page"}],"author":[{"embeddable":true,"href":"https:\/\/rutkowskidevelopment.pl\/lt\/wp-json\/wp\/v2\/users\/8"}],"replies":[{"embeddable":true,"href":"https:\/\/rutkowskidevelopment.pl\/lt\/wp-json\/wp\/v2\/comments?post=8186"}],"version-history":[{"count":11,"href":"https:\/\/rutkowskidevelopment.pl\/lt\/wp-json\/wp\/v2\/pages\/8186\/revisions"}],"predecessor-version":[{"id":8663,"href":"https:\/\/rutkowskidevelopment.pl\/lt\/wp-json\/wp\/v2\/pages\/8186\/revisions\/8663"}],"up":[{"embeddable":true,"href":"https:\/\/rutkowskidevelopment.pl\/lt\/wp-json\/wp\/v2\/pages\/8234"}],"wp:attachment":[{"href":"https:\/\/rutkowskidevelopment.pl\/lt\/wp-json\/wp\/v2\/media?parent=8186"}],"curies":[{"name":"wp","href":"https:\/\/api.w.org\/{rel}","templated":true}]}}